{"id":502,"date":"2024-03-21T20:10:40","date_gmt":"2024-03-21T20:10:40","guid":{"rendered":"https:\/\/service-wtf.de\/?page_id=502"},"modified":"2025-02-17T16:03:06","modified_gmt":"2025-02-17T16:03:06","slug":"mesmerize","status":"publish","type":"page","link":"https:\/\/service-wtf.de\/","title":{"rendered":"Front Page"},"content":{"rendered":"<div  data-label=\"Services\" data-id=\"testimonials--1\" data-export-id=\"testimonials-1\" data-category=\"testimonials\" class=\"testimonials-1 content-section content-section-spacing full-screen-section\" id=\"services\" style=\"background-color: rgb(245, 250, 253);\" data-bullets-visibility=\"true\"><div  class=\"gridContainer\"> <div  class=\"row\"><div  data-type=\"column\" class=\"section-title-col\"> <h2  class=\"\">Services<\/h2> <\/div> <\/div> <div  class=\"row spaced-cols content-center-sm\" data-type=\"row\"> <div  class=\"col-xs-12 col-sm-6 col-md-4\"> <img  decoding=\"async\" src=\"https:\/\/service-wtf.de\/wp-content\/uploads\/2024\/03\/9990217_question_support_information_service_advice_icon.png\" class=\"round icon\" title=\"9990217_question_support_information_service_advice_icon\" alt=\"\"><h5  class=\"\">Hard- und Softwareberatung<\/h5> <p  class=\"\">Ich biete eine professionelle und umfassende Hardware- und Softwareberatung, die Reparatur, Konfiguration und Aufr\u00fcstung von vorhandenen Client- und Server Strukturen und die Betreuung und Pflege der Systeme.<br ><br >Dabei stehen nat\u00fcrlich Ihre Anforderungen und W\u00fcnsche im Vordergrund.<\/p>   <\/div> <div  class=\"col-xs-12 col-sm-6 col-md-4\"> <img  decoding=\"async\" src=\"https:\/\/service-wtf.de\/wp-content\/uploads\/2024\/03\/6843037_efficiency_gear_processing_productivity_progress_icon.png\" class=\"round icon\" title=\"6843037_efficiency_gear_processing_productivity_progress_icon\" alt=\"\"><h5  class=\"\">Netzwerkinstallation und Einrichtung<\/h5><p  class=\"\">In der heutigen Zeit sind immer mehr Ger\u00e4te von einer stabilen Netzwerk- und Internetverbindung abh\u00e4ngig.<br >Mit mir finden Sie einen professionellen Ansprechpartner f\u00fcr die Erweiterung eines vorhanden Netzwerkes oder die Installation und Konfiguration von neuer Netzwerk Hardware.<\/p>   <\/div> <div  class=\"col-xs-12 col-sm-6 col-md-4\"><img  decoding=\"async\" src=\"https:\/\/service-wtf.de\/wp-content\/uploads\/2024\/03\/7727565_solution_solve_hands_business_gear_icon.png\" class=\"round icon\" title=\"7727565_solution_solve_hands_business_gear_icon\" alt=\"\"> <h5  class=\"\">Wartung und Pflege<\/h5><p  class=\"\">Ob telefonisch, per E-Mail oder vor Ort:<br >Ich bin f\u00fcr Sie da und biete Ihnen einen \n<br >umfassenden Service f\u00fcr Ihre IT-Ger\u00e4te und deren Software.<br >Bei Problemen stehe Ich Ihnen gern mit professionellem Rat zur Seite.<\/p>   <\/div> <\/div><\/div> <\/div><div  data-label=\"About\" data-id=\"about--1\" data-export-id=\"about-10\" data-category=\"about\" class=\"about-10 content-section content-section-spacing\" id=\"about-1\" style=\"background-color: rgb(255, 255, 255);\" data-bullets-visibility=\"true\"><div  class=\"gridContainer\"> <div  class=\"row middle-sm text-center\"><div  class=\"col-sm-5 space-bottom-xs content-column\" data-type=\"column\">  <h2  class=\"\">\u00dcber Mich<\/h2> <p  class=\"\">Mein Name ist Frederik Weferling, ich bin gelernter Fachinformatiker \u2013 Systemintegration und arbeite seit knapp 10 Jahren sehr erfolgreich in diesem Berufsfeld.<br ><br >Aktuell arbeite ich im Bereich des IT-Supports.<br ><br >Meine Erfahrungen erstrecken sich \u00fcber folgende Bereiche:<br ><br >Server- und Desktopinfrastrukturen<br ><br >Wartung und Montage von Hardware<br ><br >Planung und Aufbau von Netzwerkinfrastrukturen<br ><br >technischer Telefon und vor-Ort Support<br >________________________________________________<br ><br >Schildern Sie mir Ihr Problem und wir finden garantiert eine L\u00f6sung!<\/p> <\/div> <div  class=\"col-sm-7 flexbox middle-xs center-xs space-bottom-xs\"><div  class=\"overlay-box middle-xs center-xs flexbox\"> <div  class=\"overlay-box-offset offset-border shadow-medium border-color1 hide-xs\"><\/div> <img  decoding=\"async\" class=\"shadow-large\" data-size=\"485x705\" src=\"https:\/\/service-wtf.de\/wp-content\/uploads\/2024\/03\/3ead6d38-d3c8-44cf-a87d-6e7fc7b0d330.jpg\" title=\"3ead6d38-d3c8-44cf-a87d-6e7fc7b0d330\" alt=\"\"><\/div> <\/div><\/div> <\/div><\/div><div  id=\"contact\" style=\"background-color: rgb(255, 255, 255); background-size: cover; background-position: center top; background-image: url(&quot;https:\/\/service-wtf.de\/wp-content\/uploads\/2024\/03\/contact-us-2993000-scaled.jpg&quot;);\" data-label=\"Contact\" data-id=\"contact-1-mc\" data-export-id=\"contact-1-mc\" data-bullets-visibility=\"true\" data-category=\"contact\" class=\"contact-1-mc content-section content-section-spacing white-text full-screen-section\" data-parallax-depth=\"20\"><div  class=\"gridContainer\"> <div  class=\"row text-center\"><div  class=\"section-title-col\" data-type=\"column\">  <h2  class=\"\">Kontakt<\/h2> <p  class=\"lead\">Weferling Technology Frontoffice<br ><br >Eltzer Str. 3, 38536 Meinersen<br >Telefon: 01621963235<\/p><\/div> <\/div> <div  class=\"row text-center\"> <div  class=\"col-xs-12 col-sm-8 col-sm-offset-2 contact-form-wrapper inline-info\"> <div  class=\"card large-padding\"> <div  class=\"\" data-content-shortcode=\"mesmerize_contact_form shortcode=&quot;forminator_form id=&amp;amp;quot;185&amp;amp;quot;&quot;\" data-editable=\"true\"><div class=\"forminator-ui forminator-custom-form forminator-custom-form-185 forminator-design--flat  forminator_ajax\" data-forminator-render=\"0\" data-form=\"forminator-module-185\" data-uid=\"69f45d41db9b4\"><br\/><\/div><form\n\t\t\t\tid=\"forminator-module-185\"\n\t\t\t\tclass=\"forminator-ui forminator-custom-form forminator-custom-form-185 forminator-design--flat  forminator_ajax\"\n\t\t\t\tmethod=\"post\"\n\t\t\t\tdata-forminator-render=\"0\"\n\t\t\t\tdata-form-id=\"185\"\n\t\t\t\t data-color-option=\"default\" data-design=\"flat\" data-grid=\"open\" style=\"display: none;\"\n\t\t\t\tdata-uid=\"69f45d41db9b4\"\n\t\t\t><div role=\"alert\" aria-live=\"polite\" class=\"forminator-response-message forminator-error\" aria-hidden=\"true\"><\/div><div class=\"forminator-row\"><div id=\"name-1\" class=\"forminator-field-name forminator-col forminator-col-6 \"><div class=\"forminator-field\"><label for=\"forminator-field-name-1_69f45d41db9b4\" id=\"forminator-field-name-1_69f45d41db9b4-label\" class=\"forminator-label\">Vorname <span class=\"forminator-required\">*<\/span><\/label><input type=\"text\" name=\"name-1\" value=\"\" placeholder=\"bsp. Max\" id=\"forminator-field-name-1_69f45d41db9b4\" class=\"forminator-input forminator-name--field\" aria-required=\"true\" autocomplete=\"name\" \/><\/div><\/div><div id=\"name-2\" class=\"forminator-field-name forminator-col forminator-col-6 \"><div class=\"forminator-field\"><label for=\"forminator-field-name-2_69f45d41db9b4\" id=\"forminator-field-name-2_69f45d41db9b4-label\" class=\"forminator-label\">Nachname <span class=\"forminator-required\">*<\/span><\/label><input type=\"text\" name=\"name-2\" value=\"\" placeholder=\"bsp. Mustermann\" id=\"forminator-field-name-2_69f45d41db9b4\" class=\"forminator-input forminator-name--field\" aria-required=\"true\" autocomplete=\"name\" \/><\/div><\/div><\/div><div class=\"forminator-row\"><div id=\"phone-1\" class=\"forminator-field-phone forminator-col forminator-col-6 \"><div class=\"forminator-field\"><label for=\"forminator-field-phone-1_69f45d41db9b4\" id=\"forminator-field-phone-1_69f45d41db9b4-label\" class=\"forminator-label\">Telefon<\/label><input type=\"text\" name=\"phone-1\" value=\"\" placeholder=\"bsp. +49 123456789\" id=\"forminator-field-phone-1_69f45d41db9b4\" class=\"forminator-input forminator-field--phone\" data-required=\"\" aria-required=\"false\" autocomplete=\"off\" \/><\/div><\/div><div id=\"email-1\" class=\"forminator-field-email forminator-col forminator-col-6 \"><div class=\"forminator-field\"><label for=\"forminator-field-email-1_69f45d41db9b4\" id=\"forminator-field-email-1_69f45d41db9b4-label\" class=\"forminator-label\">E-Mail Adresse <span class=\"forminator-required\">*<\/span><\/label><input type=\"email\" name=\"email-1\" value=\"\" placeholder=\"bsp. max.mustermann@service-wtf.de\" id=\"forminator-field-email-1_69f45d41db9b4\" class=\"forminator-input forminator-email--field\" data-required=\"true\" aria-required=\"true\" autocomplete=\"email\" \/><\/div><\/div><\/div><div class=\"forminator-row\"><div id=\"textarea-1\" class=\"forminator-field-textarea forminator-col forminator-col-12 \"><div class=\"forminator-field\"><label for=\"forminator-field-textarea-1_69f45d41db9b4\" id=\"forminator-field-textarea-1_69f45d41db9b4-label\" class=\"forminator-label\">Nachricht <span class=\"forminator-required\">*<\/span><\/label><textarea name=\"textarea-1\" placeholder=\"Hier ist Platz f\u00fcr Ihre Nachricht.\" id=\"forminator-field-textarea-1_69f45d41db9b4\" class=\"forminator-textarea\" rows=\"6\" style=\"--forminator-textarea-min-height:140px;\" maxlength=\"180\" ><\/textarea><span id=\"forminator-field-textarea-1_69f45d41db9b4-description\" class=\"forminator-description\"><span data-limit=\"180\" data-type=\"characters\" data-editor=\"\">0 \/ 180<\/span><\/span><\/div><\/div><\/div><div class=\"forminator-row\"><div id=\"captcha-1\" class=\"forminator-field-captcha forminator-col forminator-col-12 \"><div class=\"forminator-captcha-left forminator-g-recaptcha recaptcha-invisible\" data-theme=\"light\" data-badge=\"inline\" data-sitekey=\"6Le9kGkqAAAAAJQWYiFOm8PIybYw0be5hRIoOIDq\" data-size=\"invisible\"><\/div> <\/div><\/div><input type=\"hidden\" name=\"referer_url\" value=\"\" \/><div class=\"forminator-row forminator-row-last\"><div class=\"forminator-col\"><div class=\"forminator-field\"><button class=\"forminator-button forminator-button-submit\">Nachricht Senden<\/button><\/div><\/div><\/div><input type=\"hidden\" id=\"forminator_nonce\" name=\"forminator_nonce\" value=\"fc3f225aea\" \/><input type=\"hidden\" name=\"_wp_http_referer\" value=\"\/index.php?rest_route=%2Fwp%2Fv2%2Fpages%2F502\" \/><input type=\"hidden\" name=\"form_id\" value=\"185\"><input type=\"hidden\" name=\"page_id\" value=\"502\"><input type=\"hidden\" name=\"form_type\" value=\"default\"><input type=\"hidden\" name=\"current_url\" value=\"https:\/\/service-wtf.de\/\"><input type=\"hidden\" name=\"render_id\" value=\"0\"><input type=\"hidden\" name=\"action\" value=\"forminator_submit_form_custom-forms\"><label for=\"input_6\" class=\"forminator-hidden\" aria-hidden=\"true\">Bitte f\u00fclle dieses Feld nicht aus. <input id=\"input_6\" type=\"text\" name=\"input_6\" value=\"\" autocomplete=\"off\"><\/label><\/form><\/div><\/div> <\/div><\/div> <\/div><\/div><div  data-label=\"Impressum Datenschutz\" data-id=\"content--1\" data-export-id=\"content-12\" data-category=\"content\" class=\"content-12 content-section content-section-spacing full-screen-section\" id=\"impressum-datenschutz\" style=\"background-color: rgb(245, 250, 253);\" data-bullets-visibility=\"true\"><div  class=\"gridContainer\"> <div  class=\"row text-center\"><div  class=\"section-title-col\" data-type=\"column\"> <h2  class=\"\">Impressum \/ Datenschutz<\/h2> <p  class=\"lead\">Weferling Technology Frontoffice<br ><br >Eltzer Str. 3<br >38536 Meinersen<br ><br >E-Mail: info@service-wtf.de<br >Internet: www.service-wtf.de<br >Inhaber: Frederik Weferling<\/p><a  class=\"button blue\" href=\"https:\/\/service-wtf.de?page_id=248\" target=\"_blank\" data-cp-link=\"1\" rel=\"noopener\">Datenschutz<\/a><a  class=\"link\" href=\"https:\/\/creativecommons.org\/licenses\/by\/4.0\" target=\"_blank\" data-cp-link=\"1\" rel=\"noopener\">Icon credit<\/a><\/div> <\/div> <div  class=\"row center-xs middle-xs\"> <div  class=\"col-sm-9\" data-type=\"column\"> <\/div> <\/div><\/div> <\/div>","protected":false},"excerpt":{"rendered":"<p>Services Hard- und Softwareberatung Ich biete eine professionelle und umfassende Hardware- und Softwareberatung, die Reparatur, Konfiguration und Aufr\u00fcstung von vorhandenen Client- und Server Strukturen und die Betreuung und Pflege der Systeme.Dabei stehen nat\u00fcrlich Ihre Anforderungen und W\u00fcnsche im Vordergrund. Netzwerkinstallation und EinrichtungIn der heutigen Zeit sind immer mehr Ger\u00e4te von einer stabilen Netzwerk- und Internetverbindung&hellip; <br \/> <a class=\"read-more\" href=\"https:\/\/service-wtf.de\/\">Weiterlesen<\/a><\/p>\n","protected":false},"author":1,"featured_media":0,"parent":0,"menu_order":0,"comment_status":"closed","ping_status":"closed","template":"page-templates\/homepage.php","meta":{"footnotes":""},"class_list":["post-502","page","type-page","status-publish","hentry"],"_links":{"self":[{"href":"https:\/\/service-wtf.de\/index.php?rest_route=\/wp\/v2\/pages\/502","targetHints":{"allow":["GET"]}}],"collection":[{"href":"https:\/\/service-wtf.de\/index.php?rest_route=\/wp\/v2\/pages"}],"about":[{"href":"https:\/\/service-wtf.de\/index.php?rest_route=\/wp\/v2\/types\/page"}],"author":[{"embeddable":true,"href":"https:\/\/service-wtf.de\/index.php?rest_route=\/wp\/v2\/users\/1"}],"replies":[{"embeddable":true,"href":"https:\/\/service-wtf.de\/index.php?rest_route=%2Fwp%2Fv2%2Fcomments&post=502"}],"version-history":[{"count":0,"href":"https:\/\/service-wtf.de\/index.php?rest_route=\/wp\/v2\/pages\/502\/revisions"}],"wp:attachment":[{"href":"https:\/\/service-wtf.de\/index.php?rest_route=%2Fwp%2Fv2%2Fmedia&parent=502"}],"curies":[{"name":"wp","href":"https:\/\/api.w.org\/{rel}","templated":true}]}}